{"id":1501,"date":"2020-03-29T17:11:42","date_gmt":"2020-03-29T17:11:42","guid":{"rendered":"http:\/\/bizix.premiumthemes.in\/?page_id=1501"},"modified":"2021-02-10T19:14:50","modified_gmt":"2021-02-10T19:14:50","slug":"video","status":"publish","type":"page","link":"http:\/\/www.ipekelektrik.net\/index.php\/video\/","title":{"rendered":"Video"},"content":{"rendered":"\t\t<div data-elementor-type=\"wp-page\" data-elementor-id=\"1501\" class=\"elementor elementor-1501\" data-elementor-settings=\"[]\">\n\t\t\t\t\t\t<div class=\"elementor-inner\">\n\t\t\t\t\t\t\t<div class=\"elementor-section-wrap\">\n\t\t\t\t\t\t\t<section class=\"elementor-section elementor-top-section elementor-element elementor-element-30fd7cd2 elementor-section-boxed elementor-section-height-default elementor-section-height-default\" data-id=\"30fd7cd2\" data-element_type=\"section\">\n\t\t\t\t\t\t<div class=\"elementor-container elementor-column-gap-default\">\n\t\t\t\t\t\t\t<div class=\"elementor-row\">\n\t\t\t\t\t<div class=\"elementor-column elementor-col-100 elementor-top-column elementor-element elementor-element-258584b5\" data-id=\"258584b5\" data-element_type=\"column\">\n\t\t\t<div class=\"elementor-column-wrap elementor-element-populated\">\n\t\t\t\t\t\t\t<div class=\"elementor-widget-wrap\">\n\t\t\t\t\t\t<div class=\"elementor-element elementor-element-5506ebf6 elementor-widget elementor-widget-heading\" data-id=\"5506ebf6\" data-element_type=\"widget\" data-widget_type=\"heading.default\">\n\t\t\t\t<div class=\"elementor-widget-container\">\n\t\t\t<h2 class=\"elementor-heading-title elementor-size-default\">Grup \u015eirket Videolar\u0131<\/h2>\t\t<\/div>\n\t\t\t\t<\/div>\n\t\t\t\t\t\t<\/div>\n\t\t\t\t\t<\/div>\n\t\t<\/div>\n\t\t\t\t\t\t\t\t<\/div>\n\t\t\t\t\t<\/div>\n\t\t<\/section>\n\t\t\t\t<section class=\"elementor-section elementor-top-section elementor-element elementor-element-739987f elementor-section-stretched elementor-section-boxed elementor-section-height-default elementor-section-height-default\" data-id=\"739987f\" data-element_type=\"section\" data-settings=\"{&quot;stretch_section&quot;:&quot;section-stretched&quot;}\">\n\t\t\t\t\t\t<div class=\"elementor-container elementor-column-gap-default\">\n\t\t\t\t\t\t\t<div class=\"elementor-row\">\n\t\t\t\t\t<div class=\"elementor-column elementor-col-100 elementor-top-column elementor-element elementor-element-267c8a31\" data-id=\"267c8a31\" data-element_type=\"column\">\n\t\t\t<div class=\"elementor-column-wrap elementor-element-populated\">\n\t\t\t\t\t\t\t<div class=\"elementor-widget-wrap\">\n\t\t\t\t\t\t<section class=\"elementor-section elementor-inner-section elementor-element elementor-element-3061d965 elementor-section-boxed elementor-section-height-default elementor-section-height-default\" data-id=\"3061d965\" data-element_type=\"section\">\n\t\t\t\t\t\t<div class=\"elementor-container elementor-column-gap-extended\">\n\t\t\t\t\t\t\t<div class=\"elementor-row\">\n\t\t\t\t\t<div class=\"elementor-column elementor-col-50 elementor-inner-column elementor-element elementor-element-685aacbc\" data-id=\"685aacbc\" data-element_type=\"column\">\n\t\t\t<div class=\"elementor-column-wrap elementor-element-populated\">\n\t\t\t\t\t\t\t<div class=\"elementor-widget-wrap\">\n\t\t\t\t\t\t<div class=\"elementor-element elementor-element-2be586d8 elementor-widget elementor-widget-heading\" data-id=\"2be586d8\" data-element_type=\"widget\" data-widget_type=\"heading.default\">\n\t\t\t\t<div class=\"elementor-widget-container\">\n\t\t\t<div class=\"elementor-heading-title elementor-size-default\">Atech Fuar\u0131<\/div>\t\t<\/div>\n\t\t\t\t<\/div>\n\t\t\t\t<div class=\"elementor-element elementor-element-1726fff4 gyan-aspect-ratio-16_9 elementor-widget elementor-widget-gyan_video\" data-id=\"1726fff4\" data-element_type=\"widget\" data-widget_type=\"gyan_video.default\">\n\t\t\t\t<div class=\"elementor-widget-container\">\n\t\t\t\t\t<div class=\"gyan-video-container\" data-autoplay=\"0\" data-device=\"false\">\n\t\t\t\t\t\t<div class=\"gyan-video-holder\">\n\t\t\t\t<div class=\"gyan-video__play\" data-src=\"https:\/\/www.youtube.com\/embed\/LYNaEbkdYY8?rel=0&amp;start&amp;end&amp;controls=1&amp;mute=0&amp;modestbranding=0&amp;autoplay=1\">\n\t\t\t\t\t<img class=\"gyan-video__thumb\" src=\"https:\/\/i.ytimg.com\/vi\/LYNaEbkdYY8\/maxresdefault.jpg\" \/>\n\t\t\t\t\t<div class=\"gyan-video-play-icon gyan-icon gyan-ease-transition gyan-animation-\">\n\t\t\t\t\t\t<i aria-hidden=\"true\" class=\"fas fa-play-circle\"><\/i>\t\t\t\t\t<\/div>\n\t\t\t\t<\/div>\n\t\t\t<\/div>\n\t\t<\/div>\n\t\t\t\t<\/div>\n\t\t\t\t<\/div>\n\t\t\t\t\t\t<\/div>\n\t\t\t\t\t<\/div>\n\t\t<\/div>\n\t\t\t\t<div class=\"elementor-column elementor-col-50 elementor-inner-column elementor-element elementor-element-6b5b49cc\" data-id=\"6b5b49cc\" data-element_type=\"column\">\n\t\t\t<div class=\"elementor-column-wrap elementor-element-populated\">\n\t\t\t\t\t\t\t<div class=\"elementor-widget-wrap\">\n\t\t\t\t\t\t<div class=\"elementor-element elementor-element-3698a2ad elementor-widget elementor-widget-heading\" data-id=\"3698a2ad\" data-element_type=\"widget\" data-widget_type=\"heading.default\">\n\t\t\t\t<div class=\"elementor-widget-container\">\n\t\t\t<div class=\"elementor-heading-title elementor-size-default\">Online E-Ticaret <\/div>\t\t<\/div>\n\t\t\t\t<\/div>\n\t\t\t\t<div class=\"elementor-element elementor-element-7e22375 gyan-aspect-ratio-16_9 elementor-widget elementor-widget-gyan_video\" data-id=\"7e22375\" data-element_type=\"widget\" data-widget_type=\"gyan_video.default\">\n\t\t\t\t<div class=\"elementor-widget-container\">\n\t\t\t\t\t<div class=\"gyan-video-container\" data-autoplay=\"0\" data-device=\"false\">\n\t\t\t\t\t\t<div class=\"gyan-video-holder\">\n\t\t\t\t<div class=\"gyan-video__play\" data-src=\"https:\/\/www.youtube.com\/embed\/U3RUjBMUeDo?rel=0&amp;start=60&amp;end=70&amp;controls=1&amp;mute=0&amp;modestbranding=0&amp;autoplay=1\">\n\t\t\t\t\t<img class=\"gyan-video__thumb\" src=\"http:\/\/www.ipekelektrik.net\/wp-content\/uploads\/2020\/03\/video-overlay-2.jpg\" \/>\n\t\t\t\t\t<div class=\"gyan-video-play-icon gyan-icon gyan-ease-transition gyan-animation-\">\n\t\t\t\t\t\t<img src=\"http:\/\/www.ipekelektrik.net\/wp-content\/uploads\/2020\/03\/icon-play-large.png\" alt=\"icon-play-large\" \/>\t\t\t\t\t<\/div>\n\t\t\t\t<\/div>\n\t\t\t<\/div>\n\t\t<\/div>\n\t\t\t\t<\/div>\n\t\t\t\t<\/div>\n\t\t\t\t\t\t<\/div>\n\t\t\t\t\t<\/div>\n\t\t<\/div>\n\t\t\t\t\t\t\t\t<\/div>\n\t\t\t\t\t<\/div>\n\t\t<\/section>\n\t\t\t\t<section class=\"elementor-section elementor-inner-section elementor-element elementor-element-5541d937 elementor-section-boxed elementor-section-height-default elementor-section-height-default\" data-id=\"5541d937\" data-element_type=\"section\">\n\t\t\t\t\t\t<div class=\"elementor-container elementor-column-gap-extended\">\n\t\t\t\t\t\t\t<div class=\"elementor-row\">\n\t\t\t\t\t<div class=\"elementor-column elementor-col-50 elementor-inner-column elementor-element elementor-element-ef78cf3\" data-id=\"ef78cf3\" data-element_type=\"column\">\n\t\t\t<div class=\"elementor-column-wrap elementor-element-populated\">\n\t\t\t\t\t\t\t<div class=\"elementor-widget-wrap\">\n\t\t\t\t\t\t<div class=\"elementor-element elementor-element-44e995a3 elementor-widget elementor-widget-heading\" data-id=\"44e995a3\" data-element_type=\"widget\" data-widget_type=\"heading.default\">\n\t\t\t\t<div class=\"elementor-widget-container\">\n\t\t\t<div class=\"elementor-heading-title elementor-size-default\">Schneider&amp;3faz.com<\/div>\t\t<\/div>\n\t\t\t\t<\/div>\n\t\t\t\t<div class=\"elementor-element elementor-element-3aa50771 gyan-aspect-ratio-16_9 elementor-widget elementor-widget-gyan_video\" data-id=\"3aa50771\" data-element_type=\"widget\" data-widget_type=\"gyan_video.default\">\n\t\t\t\t<div class=\"elementor-widget-container\">\n\t\t\t\t\t<div class=\"gyan-video-container\" data-autoplay=\"0\" data-device=\"false\">\n\t\t\t\t\t\t<div class=\"gyan-video-holder\">\n\t\t\t\t<div class=\"gyan-video__play\" data-src=\"https:\/\/www.youtube.com\/embed\/-gp591KqVmM?rel=0&amp;start&amp;end&amp;controls=1&amp;mute=1&amp;modestbranding=0&amp;autoplay=1\">\n\t\t\t\t\t<img class=\"gyan-video__thumb\" src=\"http:\/\/www.ipekelektrik.net\/wp-content\/uploads\/2020\/03\/video-overlay-2.jpg\" \/>\n\t\t\t\t\t<div class=\"gyan-video-play-icon gyan-icon gyan-ease-transition gyan-animation-float\">\n\t\t\t\t\t\t<svg height=\"100%\" version=\"1.1\" viewBox=\"0 0 68 48\" width=\"100%\"><path class=\"gyan-video-youtube-icon-bg\" d=\"m .66,37.62 c 0,0 .66,4.70 2.70,6.77 2.58,2.71 5.98,2.63 7.49,2.91 5.43,.52 23.10,.68 23.12,.68 .00,-1.3e-5 14.29,-0.02 23.81,-0.71 1.32,-0.15 4.22,-0.17 6.81,-2.89 2.03,-2.07 2.70,-6.77 2.70,-6.77 0,0 .67,-5.52 .67,-11.04 l 0,-5.17 c 0,-5.52 -0.67,-11.04 -0.67,-11.04 0,0 -0.66,-4.70 -2.70,-6.77 C 62.03,.86 59.13,.84 57.80,.69 48.28,0 34.00,0 34.00,0 33.97,0 19.69,0 10.18,.69 8.85,.84 5.95,.86 3.36,3.58 1.32,5.65 .66,10.35 .66,10.35 c 0,0 -0.55,4.50 -0.66,9.45 l 0,8.36 c .10,4.94 .66,9.45 .66,9.45 z\" fill=\"#1f1f1e\"><\/path><path d=\"m 26.96,13.67 18.37,9.62 -18.37,9.55 -0.00,-19.17 z\" fill=\"#fff\"><\/path><path d=\"M 45.02,23.46 45.32,23.28 26.96,13.67 43.32,24.34 45.02,23.46 z\" fill=\"#ccc\"><\/path><\/svg>\t\t\t\t\t<\/div>\n\t\t\t\t<\/div>\n\t\t\t<\/div>\n\t\t<\/div>\n\t\t\t\t<\/div>\n\t\t\t\t<\/div>\n\t\t\t\t\t\t<\/div>\n\t\t\t\t\t<\/div>\n\t\t<\/div>\n\t\t\t\t<div class=\"elementor-column elementor-col-50 elementor-inner-column elementor-element elementor-element-27a4e383\" data-id=\"27a4e383\" data-element_type=\"column\">\n\t\t\t<div class=\"elementor-column-wrap elementor-element-populated\">\n\t\t\t\t\t\t\t<div class=\"elementor-widget-wrap\">\n\t\t\t\t\t\t<div class=\"elementor-element elementor-element-544dad8c elementor-widget elementor-widget-heading\" data-id=\"544dad8c\" data-element_type=\"widget\" data-widget_type=\"heading.default\">\n\t\t\t\t<div class=\"elementor-widget-container\">\n\t\t\t<div class=\"elementor-heading-title elementor-size-default\">A-tech 2018  A\u00e7\u0131l\u0131\u015f Konu\u015fmas\u0131<\/div>\t\t<\/div>\n\t\t\t\t<\/div>\n\t\t\t\t<div class=\"elementor-element elementor-element-5100ae07 gyan-aspect-ratio-16_9 elementor-widget elementor-widget-gyan_video\" data-id=\"5100ae07\" data-element_type=\"widget\" data-widget_type=\"gyan_video.default\">\n\t\t\t\t<div class=\"elementor-widget-container\">\n\t\t\t\t\t<div class=\"gyan-video-container\" data-autoplay=\"0\" data-device=\"false\">\n\t\t\t\t\t\t<div class=\"gyan-video-holder\">\n\t\t\t\t<div class=\"gyan-video__play\" data-src=\"https:\/\/www.youtube.com\/embed\/K2Sj6QLkfhA?rel=0&amp;start&amp;end&amp;controls=1&amp;mute=0&amp;modestbranding=1&amp;autoplay=1\">\n\t\t\t\t\t<img class=\"gyan-video__thumb\" src=\"http:\/\/www.ipekelektrik.net\/wp-content\/uploads\/2020\/03\/video-overlay-2.jpg\" \/>\n\t\t\t\t\t<div class=\"gyan-video-play-icon gyan-icon gyan-ease-transition gyan-animation-\">\n\t\t\t\t\t\t<i aria-hidden=\"true\" class=\"fas fa-play-circle\"><\/i>\t\t\t\t\t<\/div>\n\t\t\t\t<\/div>\n\t\t\t<\/div>\n\t\t<\/div>\n\t\t\t\t<\/div>\n\t\t\t\t<\/div>\n\t\t\t\t\t\t<\/div>\n\t\t\t\t\t<\/div>\n\t\t<\/div>\n\t\t\t\t\t\t\t\t<\/div>\n\t\t\t\t\t<\/div>\n\t\t<\/section>\n\t\t\t\t\t\t<\/div>\n\t\t\t\t\t<\/div>\n\t\t<\/div>\n\t\t\t\t\t\t\t\t<\/div>\n\t\t\t\t\t<\/div>\n\t\t<\/section>\n\t\t\t\t\t\t<\/div>\n\t\t\t\t\t\t<\/div>\n\t\t\t\t\t<\/div>\n\t\t","protected":false},"excerpt":{"rendered":"<p>Grup \u015eirket Videolar\u0131 Atech Fuar\u0131 Online E-Ticaret Schneider&amp;3faz.com https:\/\/www.youhttps:\/\/www.youtube.com\/watch?v=-gp591KqVmM&#038;ab_channel=3fazcomtube.com\/watch?v=LV3cjaA7NtE A-tech 2018 A\u00e7\u0131l\u0131\u015f Konu\u015fmas\u0131<\/p>\n","protected":false},"author":1,"featured_media":0,"parent":0,"menu_order":0,"comment_status":"closed","ping_status":"closed","template":"elementor_header_footer","meta":[],"_links":{"self":[{"href":"http:\/\/www.ipekelektrik.net\/index.php\/wp-json\/wp\/v2\/pages\/1501"}],"collection":[{"href":"http:\/\/www.ipekelektrik.net\/index.php\/wp-json\/wp\/v2\/pages"}],"about":[{"href":"http:\/\/www.ipekelektrik.net\/index.php\/wp-json\/wp\/v2\/types\/page"}],"author":[{"embeddable":true,"href":"http:\/\/www.ipekelektrik.net\/index.php\/wp-json\/wp\/v2\/users\/1"}],"replies":[{"embeddable":true,"href":"http:\/\/www.ipekelektrik.net\/index.php\/wp-json\/wp\/v2\/comments?post=1501"}],"version-history":[{"count":6,"href":"http:\/\/www.ipekelektrik.net\/index.php\/wp-json\/wp\/v2\/pages\/1501\/revisions"}],"predecessor-version":[{"id":2019,"href":"http:\/\/www.ipekelektrik.net\/index.php\/wp-json\/wp\/v2\/pages\/1501\/revisions\/2019"}],"wp:attachment":[{"href":"http:\/\/www.ipekelektrik.net\/index.php\/wp-json\/wp\/v2\/media?parent=1501"}],"curies":[{"name":"wp","href":"https:\/\/api.w.org\/{rel}","templated":true}]}}